{"id":74,"date":"2019-06-24T21:11:23","date_gmt":"2019-06-24T19:11:23","guid":{"rendered":"http:\/\/x-tech.fr\/?page_id=74"},"modified":"2023-08-25T10:49:28","modified_gmt":"2023-08-25T08:49:28","slug":"recherche-et-developpement-de-solutions-electroniques","status":"publish","type":"page","link":"https:\/\/x-tech.fr\/index.php\/recherche-et-developpement-de-solutions-electroniques\/","title":{"rendered":"Recherche et d\u00e9veloppement de solutions \u00e9lectroniques"},"content":{"rendered":"\n<h5 style=\"text-align:justify\">xTech vous accompagne dans votre projet depuis une id\u00e9e ou un cahier des charges, et jusqu&rsquo;\u00e0 la mise en production de votre produit final. En plus de la conception d\u2019ensembles \u00e9lectroniques, nous avons les comp\u00e9tences et capacit\u00e9s de vous proposer les boitiers m\u00e9caniques sur mesure qui int\u00e9greront vos cartes \u00e9lectroniques.<\/h5>\n\n\n\n<h4 class=\"wp-block-heading has-text-align-center\"> \u00c9tude de faisabilit\u00e9 &#8211; Validation de concept <\/h4>\n\n\n<div class=\"wp-block-image is-style-rounded\">\n<figure class=\"aligncenter size-full is-resized\"><img loading=\"lazy\" decoding=\"async\" src=\"http:\/\/x-tech.fr\/wp-content\/uploads\/2023\/08\/h8d09p.jpg\" alt=\"\" class=\"wp-image-195\" style=\"width:384px;height:255px\" width=\"384\" height=\"255\" srcset=\"https:\/\/x-tech.fr\/wp-content\/uploads\/2023\/08\/h8d09p.jpg 640w, https:\/\/x-tech.fr\/wp-content\/uploads\/2023\/08\/h8d09p-300x199.jpg 300w\" sizes=\"auto, (max-width: 384px) 100vw, 384px\" \/><\/figure>\n<\/div>\n\n\n<p style=\"text-align:justify\">Depuis une id\u00e9e, jusqu\u2019\u00e0 la fabrication d&rsquo;un produit, plusieurs \u00e9tapes s&rsquo;imposent. La premi\u00e8re est celle de valider le concept, c&rsquo;est \u00e0 dire identifier et mettre en \u0153uvre les technologies qui permettront de maquetter votre produit, et ainsi d\u00e9montrer que celui-ci r\u00e9pondra aux besoins (aussi bien techniquement qu\u2019\u00e9conomiquement). <br> Notre bureau d&rsquo;\u00e9tude maintient constamment une tr\u00e8s forte activit\u00e9 en termes de veilles technologiques, nous sommes ainsi capables de proposer \u00e0 nos clients non pas la solution la plus performante ou la plus \u00e9volu\u00e9e, qui souvent ne r\u00e9pondra pas au besoin \u00e9conomique ou \u00e0 la p\u00e9rennit\u00e9 d&rsquo;obsolescence, mais la solution la plus adapt\u00e9e \u00e0 la r\u00e9ussite du produit.<\/p>\n\n\n\n<h4 class=\"wp-block-heading has-text-align-center\"> Conception &#8211; Prototypage<\/h4>\n\n\n\n<div class=\"wp-block-columns has-2-columns is-layout-flex wp-container-core-columns-is-layout-9d6595d7 wp-block-columns-is-layout-flex\">\n<div class=\"wp-block-column is-layout-flow wp-block-column-is-layout-flow\"><div class=\"wp-block-image\">\n<figure class=\"alignright is-resized\"><img loading=\"lazy\" decoding=\"async\" src=\"http:\/\/x-tech.fr\/wp-content\/uploads\/2019\/06\/kicad.png\" alt=\"\" class=\"wp-image-117\" style=\"width:267px;height:218px\" width=\"267\" height=\"218\"\/><\/figure>\n<\/div><\/div>\n\n\n\n<div class=\"wp-block-column is-layout-flow wp-block-column-is-layout-flow\">\n<p style=\"text-align:justify\">En plus de concevoir votre syst\u00e8me en identifiant les composants n\u00e9cessaires, en <a href=\"http:\/\/x-tech.fr\/index.php\/informatique-et-logiciels-embarques\/\">d\u00e9veloppant le code pour les \u00e9l\u00e9ments programmables<\/a>.  xTech poss\u00e8de des logiciel de CAO \u00e9lectronique qui nous permettent, de saisir le sch\u00e9ma fonctionnel de vos produits, et de router les circuits en prenant en compte les contraintes technologiques n\u00e9cessaires \u00e0 la r\u00e9ussite de votre projet : Nombre de couches, classe du circuit, circuit haute temp\u00e9rature (&gt;200\u00b0C), circuit souple, flex-rigide, pistes accord\u00e9es pour la RF, via bornes ou aveugles&#8230; autant de facteurs qui seront des compromis entre complexit\u00e9 \/ co\u00fbt de production \/ r\u00e9ponse technique au besoin.<\/p>\n<\/div>\n<\/div>\n\n\n\n<div class=\"wp-block-columns has-2-columns is-layout-flex wp-container-core-columns-is-layout-9d6595d7 wp-block-columns-is-layout-flex\">\n<div class=\"wp-block-column is-layout-flow wp-block-column-is-layout-flow\">\n<p style=\"text-align:justify\">De ces fichiers de productions, nous fabriquons les prototypes de votre syst\u00e8me. Et comme une carte \u00e9lectronique a souvent besoin d&rsquo;un boitier, nous sommes \u00e9quip\u00e9s de logiciels de mod\u00e9lisation 3D afin de vous proposer les boitiers m\u00e9caniques sur mesure qui int\u00e9greront vos cartes \u00e9lectroniques. <\/p>\n<\/div>\n\n\n\n<div class=\"wp-block-column is-layout-flow wp-block-column-is-layout-flow\"><div class=\"wp-block-image\">\n<figure class=\"alignleft is-resized\"><img loading=\"lazy\" decoding=\"async\" src=\"http:\/\/x-tech.fr\/wp-content\/uploads\/2019\/06\/boite.png\" alt=\"\" class=\"wp-image-121\" style=\"width:216px;height:257px\" width=\"216\" height=\"257\" srcset=\"https:\/\/x-tech.fr\/wp-content\/uploads\/2019\/06\/boite.png 329w, https:\/\/x-tech.fr\/wp-content\/uploads\/2019\/06\/boite-252x300.png 252w\" sizes=\"auto, (max-width: 216px) 100vw, 216px\" \/><\/figure>\n<\/div><\/div>\n<\/div>\n\n\n\n<div class=\"wp-block-columns has-2-columns is-layout-flex wp-container-core-columns-is-layout-9d6595d7 wp-block-columns-is-layout-flex\">\n<div class=\"wp-block-column is-layout-flow wp-block-column-is-layout-flow\"><div class=\"wp-block-image\">\n<figure class=\"alignright\"><img loading=\"lazy\" decoding=\"async\" width=\"291\" height=\"397\" src=\"http:\/\/x-tech.fr\/wp-content\/uploads\/2019\/06\/norm.png\" alt=\"\" class=\"wp-image-124\" srcset=\"https:\/\/x-tech.fr\/wp-content\/uploads\/2019\/06\/norm.png 291w, https:\/\/x-tech.fr\/wp-content\/uploads\/2019\/06\/norm-220x300.png 220w\" sizes=\"auto, (max-width: 291px) 100vw, 291px\" \/><\/figure>\n<\/div><\/div>\n\n\n\n<div class=\"wp-block-column is-layout-flow wp-block-column-is-layout-flow\">\n<p style=\"text-align:justify\">Il devient rare qu&rsquo;un produit \u00e9lectronique ne n\u00e9cessite pas de certification telle que, les directives CEM ou RED, s\u00e9curit\u00e9 \u00e9lectrique, le marquage CE ou encore FCC, UL pour les produits int\u00e9grant de la radio. Notre bureau d&rsquo;\u00e9tude est en mesure de vous fournir les rapports de pr\u00e9qualifications de votre syst\u00e8me. Ces rapports vous permettent d&rsquo;autolabelliser le produit CE.<\/p>\n<\/div>\n<\/div>\n\n\n\n<h4 class=\"wp-block-heading has-text-align-center\"> Fabrication  <\/h4>\n\n\n\n<div class=\"wp-block-columns has-2-columns is-layout-flex wp-container-core-columns-is-layout-9d6595d7 wp-block-columns-is-layout-flex\">\n<div class=\"wp-block-column is-layout-flow wp-block-column-is-layout-flow\">\n<p style=\"text-align:justify\">Pour garantir l&rsquo;excellence de vos produits, xTech cr\u00e9e les bancs de tests adapt\u00e9s \u00e0 vos besoins. Ces bancs d&rsquo;essais et de validations finales, peuvent selon la complexit\u00e9 du produit, \u00eatre r\u00e9alis\u00e9s sous la forme d&rsquo;une petite valise, ou de grosses armoires.<br>Nos \u00e9troits partenariats avec quelques EMS (fabricants\/c\u00e2bleurs de circuits \u00e9lectroniques) nous permettent de r\u00e9pondre \u00e0 vos besoins de fabrications, et ce quel que soit le volume cibl\u00e9, de quelques pi\u00e8ces \u00e0 plusieurs milliers de pi\u00e8ces.<\/p>\n<\/div>\n\n\n\n<div class=\"wp-block-column is-layout-flow wp-block-column-is-layout-flow\"><div class=\"wp-block-image\">\n<figure class=\"alignleft\"><img loading=\"lazy\" decoding=\"async\" width=\"309\" height=\"461\" src=\"http:\/\/x-tech.fr\/wp-content\/uploads\/2019\/06\/BT.png\" alt=\"\" class=\"wp-image-126\" srcset=\"https:\/\/x-tech.fr\/wp-content\/uploads\/2019\/06\/BT.png 309w, https:\/\/x-tech.fr\/wp-content\/uploads\/2019\/06\/BT-201x300.png 201w\" sizes=\"auto, (max-width: 309px) 100vw, 309px\" \/><\/figure>\n<\/div><\/div>\n<\/div>\n","protected":false},"excerpt":{"rendered":"<p class=\"qua-blog-post-description\">xTech vous accompagne dans votre projet depuis une id\u00e9e ou un cahier des charges, et jusqu&rsquo;\u00e0 la mise en production de votre produit final. En plus de la conception d\u2019ensembles \u00e9lectroniques, nous avons les comp\u00e9tences et capacit\u00e9s de vous proposer les boitiers m\u00e9caniques sur mesure qui int\u00e9greront vos cartes \u00e9lectroniques. \u00c9tude de faisabilit\u00e9 &#8211; Validation [&hellip;]<\/p>\n","protected":false},"author":1,"featured_media":0,"parent":0,"menu_order":0,"comment_status":"closed","ping_status":"closed","template":"","meta":{"footnotes":""},"class_list":["post-74","page","type-page","status-publish","hentry"],"_links":{"self":[{"href":"https:\/\/x-tech.fr\/index.php\/wp-json\/wp\/v2\/pages\/74","targetHints":{"allow":["GET"]}}],"collection":[{"href":"https:\/\/x-tech.fr\/index.php\/wp-json\/wp\/v2\/pages"}],"about":[{"href":"https:\/\/x-tech.fr\/index.php\/wp-json\/wp\/v2\/types\/page"}],"author":[{"embeddable":true,"href":"https:\/\/x-tech.fr\/index.php\/wp-json\/wp\/v2\/users\/1"}],"replies":[{"embeddable":true,"href":"https:\/\/x-tech.fr\/index.php\/wp-json\/wp\/v2\/comments?post=74"}],"version-history":[{"count":47,"href":"https:\/\/x-tech.fr\/index.php\/wp-json\/wp\/v2\/pages\/74\/revisions"}],"predecessor-version":[{"id":197,"href":"https:\/\/x-tech.fr\/index.php\/wp-json\/wp\/v2\/pages\/74\/revisions\/197"}],"wp:attachment":[{"href":"https:\/\/x-tech.fr\/index.php\/wp-json\/wp\/v2\/media?parent=74"}],"curies":[{"name":"wp","href":"https:\/\/api.w.org\/{rel}","templated":true}]}}