{"id":80,"date":"2019-06-24T22:28:24","date_gmt":"2019-06-24T20:28:24","guid":{"rendered":"http:\/\/x-tech.fr\/?page_id=80"},"modified":"2023-08-25T10:51:03","modified_gmt":"2023-08-25T08:51:03","slug":"informatique-et-logiciels-embarques","status":"publish","type":"page","link":"https:\/\/x-tech.fr\/index.php\/informatique-et-logiciels-embarques\/","title":{"rendered":"D\u00e9veloppements informatiques et logiciels embarqu\u00e9s"},"content":{"rendered":"\n<h4 class=\"wp-block-heading\">Du logiciel PC, en passant par l\u2019\u00e9lectronique embarqu\u00e9e, xTech concevra le logiciel r\u00e9pondant \u00e0 votre besoin. <\/h4>\n\n\n\n<div class=\"wp-block-columns has-2-columns is-layout-flex wp-container-core-columns-is-layout-9d6595d7 wp-block-columns-is-layout-flex\">\n<div class=\"wp-block-column is-layout-flow wp-block-column-is-layout-flow\">\n<p style=\"text-align:justify\">Dans le domaine de l\u2019\u00e9lectronique embarqu\u00e9e, nos comp\u00e9tences nous    permettent de programmer vos cartes \u00e9lectroniques. Notre savoir-faire s\u2019\u00e9tend de la programmation de microcontr\u00f4leurs  8-16-32bits (Atmel, ST, Cypress, Microchip, Siliconelab\u2026), DSP au FPGA  (Xilinx, Lattice, Altera\u2026). Autrement dit du C\/C++ au VHDL.    <\/p>\n<\/div>\n\n\n\n<div class=\"wp-block-column is-layout-flow wp-block-column-is-layout-flow\"><div class=\"wp-block-image\">\n<figure class=\"alignleft\"><img loading=\"lazy\" decoding=\"async\" width=\"550\" height=\"351\" src=\"http:\/\/x-tech.fr\/wp-content\/uploads\/2019\/06\/c0.png\" alt=\"\" class=\"wp-image-102\" srcset=\"https:\/\/x-tech.fr\/wp-content\/uploads\/2019\/06\/c0.png 550w, https:\/\/x-tech.fr\/wp-content\/uploads\/2019\/06\/c0-300x191.png 300w\" sizes=\"auto, (max-width: 550px) 100vw, 550px\" \/><\/figure>\n<\/div><\/div>\n<\/div>\n\n\n\n<div class=\"wp-block-columns has-2-columns is-layout-flex wp-container-core-columns-is-layout-9d6595d7 wp-block-columns-is-layout-flex\">\n<div class=\"wp-block-column is-layout-flow wp-block-column-is-layout-flow\"><div class=\"wp-block-image\">\n<figure class=\"alignright\"><img loading=\"lazy\" decoding=\"async\" width=\"446\" height=\"324\" src=\"http:\/\/x-tech.fr\/wp-content\/uploads\/2019\/06\/IHM.png\" alt=\"\" class=\"wp-image-131\" srcset=\"https:\/\/x-tech.fr\/wp-content\/uploads\/2019\/06\/IHM.png 446w, https:\/\/x-tech.fr\/wp-content\/uploads\/2019\/06\/IHM-300x218.png 300w\" sizes=\"auto, (max-width: 446px) 100vw, 446px\" \/><\/figure>\n<\/div><\/div>\n\n\n\n<div class=\"wp-block-column is-layout-flow wp-block-column-is-layout-flow\">\n<p style=\"text-align:justify\"> Nous pouvons \u00e9galement d\u00e9velopper vos interfaces homme-machine (IHM)  d\u00e9di\u00e9es et logiciels applicatifs sp\u00e9cifiques. Vous avez besoin  d\u2019interfacer votre mat\u00e9riel \u00e0 votre ordinateur, tablette ou smartphone. Ou encore, d\u2019un logiciel pour traiter et\/ou visualiser vos donn\u00e9es, nos logiciels  peuvent vous \u00eatre fournis pour fonctionner sous diff\u00e9rentes plateformes  (Windows, Linux, Andro\u00efde).  <\/p>\n<\/div>\n<\/div>\n","protected":false},"excerpt":{"rendered":"<p class=\"qua-blog-post-description\">Du logiciel PC, en passant par l\u2019\u00e9lectronique embarqu\u00e9e, xTech concevra le logiciel r\u00e9pondant \u00e0 votre besoin. Dans le domaine de l\u2019\u00e9lectronique embarqu\u00e9e, nos comp\u00e9tences nous permettent de programmer vos cartes \u00e9lectroniques. Notre savoir-faire s\u2019\u00e9tend de la programmation de microcontr\u00f4leurs 8-16-32bits (Atmel, ST, Cypress, Microchip, Siliconelab\u2026), DSP au FPGA (Xilinx, Lattice, Altera\u2026). Autrement dit du C\/C++ [&hellip;]<\/p>\n","protected":false},"author":1,"featured_media":0,"parent":0,"menu_order":0,"comment_status":"closed","ping_status":"closed","template":"","meta":{"footnotes":""},"class_list":["post-80","page","type-page","status-publish","hentry"],"_links":{"self":[{"href":"https:\/\/x-tech.fr\/index.php\/wp-json\/wp\/v2\/pages\/80","targetHints":{"allow":["GET"]}}],"collection":[{"href":"https:\/\/x-tech.fr\/index.php\/wp-json\/wp\/v2\/pages"}],"about":[{"href":"https:\/\/x-tech.fr\/index.php\/wp-json\/wp\/v2\/types\/page"}],"author":[{"embeddable":true,"href":"https:\/\/x-tech.fr\/index.php\/wp-json\/wp\/v2\/users\/1"}],"replies":[{"embeddable":true,"href":"https:\/\/x-tech.fr\/index.php\/wp-json\/wp\/v2\/comments?post=80"}],"version-history":[{"count":24,"href":"https:\/\/x-tech.fr\/index.php\/wp-json\/wp\/v2\/pages\/80\/revisions"}],"predecessor-version":[{"id":198,"href":"https:\/\/x-tech.fr\/index.php\/wp-json\/wp\/v2\/pages\/80\/revisions\/198"}],"wp:attachment":[{"href":"https:\/\/x-tech.fr\/index.php\/wp-json\/wp\/v2\/media?parent=80"}],"curies":[{"name":"wp","href":"https:\/\/api.w.org\/{rel}","templated":true}]}}